{"id":10,"date":"2026-01-12T18:38:43","date_gmt":"2026-01-12T18:38:43","guid":{"rendered":"https:\/\/golgenakliyat.com\/?page_id=10"},"modified":"2026-01-18T19:29:21","modified_gmt":"2026-01-18T16:29:21","slug":"https-golgenakliyat-com-hakkimizda-disticaret-gumrukleme","status":"publish","type":"page","link":"https:\/\/golgenakliyat.com\/?page_id=10","title":{"rendered":"Hakk\u0131m\u0131zda"},"content":{"rendered":"\t\t<div data-elementor-type=\"wp-page\" data-elementor-id=\"10\" class=\"elementor elementor-10\">\n\t\t\t\t<div class=\"elementor-element elementor-element-2182fbf7 e-flex e-con-boxed e-con e-parent\" data-id=\"2182fbf7\" data-element_type=\"container\">\n\t\t\t\t\t<div class=\"e-con-inner\">\n\t\t\t\t<div class=\"elementor-element elementor-element-2fceeaf3 elementor-widget elementor-widget-text-editor\" data-id=\"2fceeaf3\" data-element_type=\"widget\" data-widget_type=\"text-editor.default\">\n\t\t\t\t\t\t\t\t\t\n<section style=\"background: #0b1d3a; color: white; padding: 60px; text-align: center;\">\n<h1>\u00a0<\/h1>\n<p>G\u00fcvenilir D\u0131\u015f Ticaret &amp; G\u00fcmr\u00fckleme \u00c7\u00f6z\u00fcmleri<\/p>\n<\/section>\n<section style=\"padding: 60px; background: #f5f7fa;\">\n<div style=\"max-width: 900px; margin: auto; background: white; padding: 40px; border-left: 5px solid #f5b400;\">\n<p data-start=\"291\" data-end=\"718\">G\u00f6lge Nakliyat, d\u0131\u015f ticaret ve g\u00fcmr\u00fckleme alan\u0131nda edindi\u011fi bilgi birikimi, sekt\u00f6rel tecr\u00fcbesi ve \u00e7\u00f6z\u00fcm odakl\u0131 yakla\u015f\u0131m\u0131yla m\u00fc\u015fterilerine <strong data-start=\"429\" data-end=\"467\">g\u00fcvenilir, h\u0131zl\u0131 ve s\u00fcrd\u00fcr\u00fclebilir<\/strong> hizmet sunmay\u0131 ama\u00e7layan profesyonel bir kurulu\u015ftur. Kuruldu\u011fu g\u00fcnden bu yana, ulusal ve uluslararas\u0131 ticaretin gerektirdi\u011fi t\u00fcm s\u00fcre\u00e7leri titizlikle y\u00f6neterek, firmalar\u0131n operasyonlar\u0131n\u0131 sorunsuz ve verimli \u015fekilde y\u00fcr\u00fctmelerine katk\u0131 sa\u011flamaktad\u0131r.<\/p>\n<p data-start=\"720\" data-end=\"1104\">\u0130thalat, ihracat ve transit i\u015flemler ba\u015fta olmak \u00fczere; g\u00fcmr\u00fck mevzuat\u0131na uygunluk, belge y\u00f6netimi, s\u00fcre\u00e7 takibi ve raporlama konular\u0131nda uzmanla\u015fm\u0131\u015f ekibimiz, her a\u015famada m\u00fc\u015fterilerimizin yan\u0131nda yer al\u0131r. G\u00f6lge Nakliyat olarak yaln\u0131zca i\u015flemleri tamamlamakla kalmaz, ayn\u0131 zamanda firmalar\u0131n ticari hedeflerine ula\u015fmas\u0131n\u0131 destekleyen <strong data-start=\"1055\" data-end=\"1085\">stratejik bir \u00e7\u00f6z\u00fcm orta\u011f\u0131<\/strong> olmay\u0131 hedefleriz.<\/p>\n<p data-start=\"1106\" data-end=\"1456\">G\u00fcn\u00fcm\u00fcz d\u0131\u015f ticaret d\u00fcnyas\u0131nda h\u0131z, do\u011fruluk ve g\u00fcven en \u00f6nemli unsurlard\u0131r. Bu bilin\u00e7le hareket eden firmam\u0131z, her m\u00fc\u015fterisine \u00f6zel \u00e7\u00f6z\u00fcmler geli\u015ftirerek s\u00fcre\u00e7leri sadele\u015ftirir, riskleri minimize eder ve zaman kay\u0131plar\u0131n\u0131 ortadan kald\u0131r\u0131r. \u015eeffaf ileti\u015fim anlay\u0131\u015f\u0131m\u0131z sayesinde m\u00fc\u015fterilerimiz, t\u00fcm i\u015flemlerini a\u00e7\u0131k ve net bir \u015fekilde takip edebilir.<\/p>\n<p data-start=\"1458\" data-end=\"1799\">Tecr\u00fcbeli kadromuz, de\u011fi\u015fen mevzuatlara h\u0131zl\u0131 uyum sa\u011flama yetene\u011fi ve sekt\u00f6rel geli\u015fmeleri yak\u0131ndan takip eden yap\u0131s\u0131yla, g\u00fcmr\u00fckleme s\u00fcre\u00e7lerinde kar\u015f\u0131la\u015f\u0131labilecek her t\u00fcrl\u00fc zorlu\u011fu profesyonelce y\u00f6netir. Amac\u0131m\u0131z; karma\u015f\u0131k d\u0131\u015f ticaret i\u015flemlerini m\u00fc\u015fterilerimiz i\u00e7in <strong data-start=\"1728\" data-end=\"1772\">anla\u015f\u0131l\u0131r, g\u00fcvenli ve kontrol edilebilir<\/strong> bir s\u00fcrece d\u00f6n\u00fc\u015ft\u00fcrmektir.<\/p>\n<p data-start=\"1801\" data-end=\"2033\">G\u00f6lge Nakliyat olarak i\u015fimize yaln\u0131zca bir hizmet olarak de\u011fil, <strong data-start=\"1865\" data-end=\"1879\">sorumluluk<\/strong> olarak bak\u0131yoruz. Her evrak, her i\u015flem ve her detay, firmam\u0131z i\u00e7in ayr\u0131 bir \u00f6zen ve titizlik gerektirir. \u00c7\u00fcnk\u00fc biliyoruz ki; ba\u015far\u0131, detaylarda gizlidir.<\/p>\n<p data-start=\"2035\" data-end=\"2344\">M\u00fc\u015fteri memnuniyetini temel ilke edinen yap\u0131m\u0131zla, uzun vadeli i\u015f birlikleri kurmay\u0131, g\u00fcvene dayal\u0131 ili\u015fkiler geli\u015ftirmeyi ve her zaman bir ad\u0131m \u00f6nde hizmet sunmay\u0131 ama\u00e7l\u0131yoruz. D\u0131\u015f ticaret yolculu\u011funuzda, g\u00fcvenle ilerleyebilece\u011finiz sa\u011flam bir yol arkada\u015f\u0131 ar\u0131yorsan\u0131z, G\u00f6lge Nakliyat her zaman yan\u0131n\u0131zdad\u0131r.<\/p>\n<\/div>\n<\/section>\n\n<p>\u00a0<\/p>\n\t\t\t\t\t\t\t\t<\/div>\n\t\t\t\t\t<\/div>\n\t\t\t\t<\/div>\n\t\t\t\t<\/div>\n\t\t","protected":false},"excerpt":{"rendered":"<p>\u00a0 G\u00fcvenilir D\u0131\u015f Ticaret &amp; G\u00fcmr\u00fckleme \u00c7\u00f6z\u00fcmleri G\u00f6lge Nakliyat, d\u0131\u015f ticaret ve g\u00fcmr\u00fckleme alan\u0131nda edindi\u011fi bilgi birikimi, sekt\u00f6rel tecr\u00fcbesi ve [&hellip;]<\/p>\n","protected":false},"author":1,"featured_media":0,"parent":0,"menu_order":0,"comment_status":"closed","ping_status":"closed","template":"","meta":{"site-sidebar-layout":"default","site-content-layout":"","ast-site-content-layout":"default","site-content-style":"default","site-sidebar-style":"default","ast-global-header-display":"","ast-banner-title-visibility":"","ast-main-header-display":"","ast-hfb-above-header-display":"","ast-hfb-below-header-display":"","ast-hfb-mobile-header-display":"","site-post-title":"","ast-breadcrumbs-content":"","ast-featured-img":"","footer-sml-layout":"","ast-disable-related-posts":"","theme-transparent-header-meta":"","adv-header-id-meta":"","stick-header-meta":"","header-above-stick-meta":"","header-main-stick-meta":"","header-below-stick-meta":"","astra-migrate-meta-layouts":"default","ast-page-background-enabled":"default","ast-page-background-meta":{"desktop":{"background-color":"var(--ast-global-color-5)","background-image":"","background-repeat":"repeat","background-position":"center center","background-size":"auto","background-attachment":"scroll","background-type":"","background-media":"","overlay-type":"","overlay-color":"","overlay-opacity":"","overlay-gradient":""},"tablet":{"background-color":"","background-image":"","background-repeat":"repeat","background-position":"center center","background-size":"auto","background-attachment":"scroll","background-type":"","background-media":"","overlay-type":"","overlay-color":"","overlay-opacity":"","overlay-gradient":""},"mobile":{"background-color":"","background-image":"","background-repeat":"repeat","background-position":"center center","background-size":"auto","background-attachment":"scroll","background-type":"","background-media":"","overlay-type":"","overlay-color":"","overlay-opacity":"","overlay-gradient":""}},"ast-content-background-meta":{"desktop":{"background-color":"var(--ast-global-color-4)","background-image":"","background-repeat":"repeat","background-position":"center center","background-size":"auto","background-attachment":"scroll","background-type":"","background-media":"","overlay-type":"","overlay-color":"","overlay-opacity":"","overlay-gradient":""},"tablet":{"background-color":"var(--ast-global-color-4)","background-image":"","background-repeat":"repeat","background-position":"center center","background-size":"auto","background-attachment":"scroll","background-type":"","background-media":"","overlay-type":"","overlay-color":"","overlay-opacity":"","overlay-gradient":""},"mobile":{"background-color":"var(--ast-global-color-4)","background-image":"","background-repeat":"repeat","background-position":"center center","background-size":"auto","background-attachment":"scroll","background-type":"","background-media":"","overlay-type":"","overlay-color":"","overlay-opacity":"","overlay-gradient":""}},"footnotes":""},"class_list":["post-10","page","type-page","status-publish","hentry"],"_links":{"self":[{"href":"https:\/\/golgenakliyat.com\/index.php?rest_route=\/wp\/v2\/pages\/10","targetHints":{"allow":["GET"]}}],"collection":[{"href":"https:\/\/golgenakliyat.com\/index.php?rest_route=\/wp\/v2\/pages"}],"about":[{"href":"https:\/\/golgenakliyat.com\/index.php?rest_route=\/wp\/v2\/types\/page"}],"author":[{"embeddable":true,"href":"https:\/\/golgenakliyat.com\/index.php?rest_route=\/wp\/v2\/users\/1"}],"replies":[{"embeddable":true,"href":"https:\/\/golgenakliyat.com\/index.php?rest_route=%2Fwp%2Fv2%2Fcomments&post=10"}],"version-history":[{"count":7,"href":"https:\/\/golgenakliyat.com\/index.php?rest_route=\/wp\/v2\/pages\/10\/revisions"}],"predecessor-version":[{"id":89,"href":"https:\/\/golgenakliyat.com\/index.php?rest_route=\/wp\/v2\/pages\/10\/revisions\/89"}],"wp:attachment":[{"href":"https:\/\/golgenakliyat.com\/index.php?rest_route=%2Fwp%2Fv2%2Fmedia&parent=10"}],"curies":[{"name":"wp","href":"https:\/\/api.w.org\/{rel}","templated":true}]}}